{"id":3,"date":"2021-07-15T14:56:44","date_gmt":"2021-07-15T12:56:44","guid":{"rendered":"https:\/\/www.amarencogroup.com\/?page_id=3"},"modified":"2024-07-12T10:55:38","modified_gmt":"2024-07-12T08:55:38","slug":"politique-de-confidentialite","status":"publish","type":"page","link":"https:\/\/www.amarencogroup.com\/fr\/politique-de-confidentialite\/","title":{"rendered":"Politique de confidentialit\u00e9"},"content":{"rendered":"\n<p>Amarenco s\u2019engage \u00e0 ce que la collecte et le traitement de vos donn\u00e9es personnelles soient conformes au droit europ\u00e9en applicable en mati\u00e8re de protection des donn\u00e9es personnelles (R\u00e8glement G\u00e9n\u00e9ral sur la Protection des Donn\u00e9es (RGPD) n\u00b02016\/679 du 27 avril 2016) et \u00e0 toutes les r\u00e8gles nationales pouvant trouver \u00e0 s\u2019appliquer (Loi Informatique et Libert\u00e9s).<\/p>\n\n\n\n<p>Vous trouverez ci-dessous la Politique de confidentialit\u00e9 et de Protection des donn\u00e9es personnelles conform\u00e9ment \u00e0 laquelle Amarenco, en qualit\u00e9 de responsable de traitement, collecte et utilise les donn\u00e9es \u00e0 caract\u00e8re personnel vous concernant.<\/p>\n\n\n\n<h2 class=\"wp-block-heading\"><strong>Cat\u00e9gories de donn\u00e9es \u00e0 caract\u00e8re personnel concern\u00e9es et moyens de collecte<\/strong><\/h2>\n\n\n\n<p>Dans le cadre de nos relations, vous \u00eates susceptibles de nous communiquer vos donn\u00e9es personnelles par diff\u00e9rents moyens et notamment sur nos sites internet, en remplissant les divers formulaires de collecte, lors d\u2019une souscription \u00e0 la e-newsletter, lorsque vous d\u00e9posez une candidature, lorsque vous publiez des commentaires sur nos pages de r\u00e9seaux sociaux, lorsque vous \u00e9tablissez tout contact par t\u00e9l\u00e9phone ou tout autre moyen avec Amarenco ou lorsque vous nous transmettez de toute autre mani\u00e8re vos donn\u00e9es personnelles.<\/p>\n\n\n\n<p><\/p>\n\n\n\n<p><strong>Dans le cadre de ces op\u00e9rations, vos donn\u00e9es collect\u00e9es peuvent \u00eatre, notamment, les suivantes :<\/strong><\/p>\n\n\n\n<ul class=\"wp-block-list\">\n<li>Votre pr\u00e9nom, nom, adresse, date de naissance, e-mail, t\u00e9l\u00e9phone ;<\/li>\n\n\n\n<li>Votre activit\u00e9\/profession<\/li>\n\n\n\n<li>Vos donn\u00e9es de localisation ;<\/li>\n\n\n\n<li>Adresse IP\/Mac ;<\/li>\n\n\n\n<li>T\u00e9moins de connexions \u201ccookies\u201d ;<\/li>\n\n\n\n<li>D\u2019autres informations que vous souhaitez nous communiquer.<\/li>\n<\/ul>\n\n\n\n<p>Amarenco prend en compte les principes de minimisation des donn\u00e9es, de&nbsp;<a href=\"http:\/\/www.privacy-regulation.eu\/fr\/25.htm\">protection des donn\u00e9es d\u00e8s la conception et de protection des donn\u00e9es par d\u00e9faut<\/a>. En cons\u00e9quence, sont collect\u00e9es des informations pertinentes, ad\u00e9quates et limit\u00e9es \u00e0 ce qui est n\u00e9cessaire au regard des finalit\u00e9s pour lesquelles elles sont trait\u00e9es.<\/p>\n\n\n\n<h2 class=\"wp-block-heading\"><strong>Finalit\u00e9s de traitements et bases juridiques<\/strong><\/h2>\n\n\n\n<p><strong>Vos donn\u00e9es sont principalement utilis\u00e9es dans le but de :<\/strong><\/p>\n\n\n\n<ul class=\"wp-block-list\">\n<li>Effectuer les op\u00e9rations relatives \u00e0 nos relations commerciales (contrat, commande, facturation, \u2026)<\/li>\n\n\n\n<li>Dialoguer avec vous dans le cadre de contrats, partenariats, etc.<\/li>\n\n\n\n<li>Souscrire et recevoir des informations th\u00e9matiques (ex\u00a0: e-newsletter)\u00a0;<\/li>\n\n\n\n<li>Traiter votre candidature \u00e0 un poste\u00a0;<\/li>\n\n\n\n<li>Gestion de vos demandes et commentaires.<\/li>\n<\/ul>\n\n\n\n<p><strong>Outre les cas o\u00f9 votre consentement a \u00e9t\u00e9 recueilli (notamment pour la communication de newsletter), le traitement de vos donn\u00e9es pour les diff\u00e9rentes finalit\u00e9s susvis\u00e9es est notamment n\u00e9cessaire :<\/strong><\/p>\n\n\n\n<ul class=\"wp-block-list\">\n<li>Pour l\u2019ex\u00e9cution d\u2019un contrat ou de mesures pr\u00e9contractuelles (ex. : candidature, relation commerciale, \u2026) ;<\/li>\n\n\n\n<li>Pour respecter une obligation l\u00e9gale<\/li>\n\n\n\n<li>Pour la poursuite d\u2019int\u00e9r\u00eats l\u00e9gitimes par Amarenco justifiant un traitement par elle (ex. : mesures de s\u00e9curit\u00e9 informatique, lutte contre la fraude).<\/li>\n<\/ul>\n\n\n\n<h2 class=\"wp-block-heading\"><strong>Destinataire des donn\u00e9es personnelles<\/strong><\/h2>\n\n\n\n<p>Vos donn\u00e9es personnelles \u00e9tant confidentielles, seules les personnes habilit\u00e9es par Amarenco peuvent acc\u00e9der \u00e0 ces donn\u00e9es, sans pr\u00e9judice de leur \u00e9ventuelle transmission aux organes charg\u00e9s d\u2019une mission de contr\u00f4le ou d\u2019inspection conform\u00e9ment \u00e0 la r\u00e8glementation applicable.<\/p>\n\n\n\n<p>Ces personnes habilit\u00e9es comprennent notamment les personnels au sein de la soci\u00e9t\u00e9 et de ses affili\u00e9s, ainsi que nos prestataires, fournisseurs, sous-traitants, qui peuvent \u00e9galement \u00eatre amen\u00e9s \u00e0 traiter des donn\u00e9es personnelles strictement n\u00e9cessaires \u00e0 la r\u00e9alisation des prestations que nous leur confions (recrutement, communication, informatique, fourniture, prestations de services etc.).<\/p>\n\n\n\n<p>Dans ce cas Amarenco s\u2019engage \u00e0 v\u00e9rifier que des mesures appropri\u00e9es ont \u00e9t\u00e9 mises en place afin de s\u2019assurer que vos donn\u00e9es personnelles b\u00e9n\u00e9ficient d\u2019un niveau de protection ad\u00e9quat.<\/p>\n\n\n\n<h2 class=\"wp-block-heading\"><strong>Dur\u00e9e de conservation des donn\u00e9es<\/strong><\/h2>\n\n\n\n<p>Amarenco s\u2019engage \u00e0 conserver vos donn\u00e9es personnelles pour une dur\u00e9e n\u2019exc\u00e9dant pas celle n\u00e9cessaire aux finalit\u00e9s pour lesquelles elles sont trait\u00e9es, et conform\u00e9ment aux dur\u00e9es de conservation impos\u00e9es par les lois applicables en vigueur.<\/p>\n\n\n\n<p>Nous appliquons en particulier les dur\u00e9es de conservation suivantes pour ces quelques grandes cat\u00e9gories de donn\u00e9es personnelles&nbsp;:<\/p>\n\n\n\n<ul class=\"wp-block-list\">\n<li>Donn\u00e9es personnelles des client\/prospects\/partenaires d\u2019affaires\u00a0: tant que l\u2019utilisateur est actif et, au plus tard, 3 ans apr\u00e8s le dernier contact avec ce dernier\u00a0;<\/li>\n\n\n\n<li>donn\u00e9es personnelles des candidats (recrutement)\u00a0: dur\u00e9e n\u00e9cessaire au traitement de la candidature et, en cas d\u2019issue n\u00e9gative\u00a0<strong>2<\/strong>\u00a0ans apr\u00e8s le dernier contact (sauf accord de candidat pour une dur\u00e9e plus longue)\u00a0;<\/li>\n\n\n\n<li>Cookies\u00a0: 13 mois<\/li>\n<\/ul>\n\n\n\n<h2 class=\"wp-block-heading\"><strong>Vos droits et moyens pour les exercer<\/strong><\/h2>\n\n\n\n<p>Conform\u00e9ment \u00e0 la r\u00e9glementation applicable en mati\u00e8re de protection des donn\u00e9es personnelles, vous pouvez, \u00e0 tout moment, exercer vos droits d\u2019acc\u00e8s, de rectification, de suppression des donn\u00e9es vous concernant ainsi que vos droits de limitation et d\u2019opposition au traitement et \u00e0 la portabilit\u00e9 de vos donn\u00e9es personnelles.<\/p>\n\n\n\n<p>En outre, vous disposez l\u00e9galement du droit de d\u00e9finir des directives relatives au sort de vos donn\u00e9es \u00e0 caract\u00e8re personnel post mortem.<\/p>\n\n\n\n<p>Par ailleurs, toute personne mineure au moment de la collecte de ses donn\u00e9es personnelles peut en obtenir l\u2019effacement dans les meilleurs d\u00e9lais.<\/p>\n\n\n\n<p>Ces droits s\u2019exercent par courrier \u00e0 l\u2019adresse suivante&nbsp;:<\/p>\n\n\n\n<h2 class=\"wp-block-heading\"><strong>Amarenco<\/strong><\/h2>\n\n\n\n<p>Amarenco group, 11 Anglesea Street, Cork, Ireland<br><a href=\"https:\/\/www.amarencogroup.com\/\"><strong>https:\/\/www.amarencogroup.com<\/strong><\/a><\/p>\n\n\n\n<p><strong>Email :<\/strong>\u00a0<a href=\"mailto:ireland@amarencogroup.com\">d<\/a><a href=\"mailto:data.privacy@amarencogroup.com\" title=\"\">ata.privacy@amarencogroup.com<\/a><\/p>\n\n\n\n<p>Dans ce cadre, nous vous prions de bien vouloir accompagner votre demande des \u00e9l\u00e9ments n\u00e9cessaires \u00e0 votre identification (nom, pr\u00e9nom, e-mail) ainsi que toute autre information n\u00e9cessaire \u00e0 la confirmation de votre identit\u00e9.<\/p>\n\n\n\n<p>Vous disposez \u00e9galement d\u2019un droit de recours aupr\u00e8s de la Commission Nationale de l\u2019Informatique et des Libert\u00e9s en cas de violation de la r\u00e9glementation applicable en mati\u00e8re de protection des Donn\u00e9es Personnelles et notamment du RGPD.<\/p>\n\n\n\n<h2 class=\"wp-block-heading\"><strong>Loi applicable et juridiction comp\u00e9tente<\/strong><\/h2>\n\n\n\n<p>La pr\u00e9sente Politique de confidentialit\u00e9 et Protection des donn\u00e9es personnelles est r\u00e9gie par les lois fran\u00e7aises. Toute contestation ou litiges qui pourraient na\u00eetre de l\u2019interpr\u00e9tation ou de l\u2019ex\u00e9cution de celle-ci, et \u00e0 d\u00e9faut de solution amiable pr\u00e9alable, seront de la comp\u00e9tence exclusive des tribunaux dont d\u00e9pend le si\u00e8ge social de la soci\u00e9t\u00e9 Amarenco. La langue de r\u00e9f\u00e9rence, pour le r\u00e8glement de contentieux \u00e9ventuels, est le fran\u00e7ais.<\/p>\n","protected":false},"excerpt":{"rendered":"<p>Amarenco s\u2019engage \u00e0 ce que la collecte et le traitement de vos donn\u00e9es personnelles soient conformes au droit europ\u00e9en applicable en mati\u00e8re de protection des donn\u00e9es personnelles (R\u00e8glement G\u00e9n\u00e9ral sur la Protection des Donn\u00e9es (RGPD) n\u00b02016\/679 du 27 avril 2016) et \u00e0 toutes les r\u00e8gles nationales pouvant trouver \u00e0 s\u2019appliquer (Loi Informatique et Libert\u00e9s). Vous [&hellip;]<\/p>\n","protected":false},"author":1,"featured_media":0,"parent":0,"menu_order":0,"comment_status":"closed","ping_status":"open","template":"page-template-politique.php","meta":{"_acf_changed":false,"inline_featured_image":false,"footnotes":""},"class_list":["post-3","page","type-page","status-publish","hentry"],"acf":[],"aioseo_notices":[],"_links":{"self":[{"href":"https:\/\/www.amarencogroup.com\/fr\/wp-json\/wp\/v2\/pages\/3","targetHints":{"allow":["GET"]}}],"collection":[{"href":"https:\/\/www.amarencogroup.com\/fr\/wp-json\/wp\/v2\/pages"}],"about":[{"href":"https:\/\/www.amarencogroup.com\/fr\/wp-json\/wp\/v2\/types\/page"}],"author":[{"embeddable":true,"href":"https:\/\/www.amarencogroup.com\/fr\/wp-json\/wp\/v2\/users\/1"}],"replies":[{"embeddable":true,"href":"https:\/\/www.amarencogroup.com\/fr\/wp-json\/wp\/v2\/comments?post=3"}],"version-history":[{"count":1,"href":"https:\/\/www.amarencogroup.com\/fr\/wp-json\/wp\/v2\/pages\/3\/revisions"}],"predecessor-version":[{"id":7786,"href":"https:\/\/www.amarencogroup.com\/fr\/wp-json\/wp\/v2\/pages\/3\/revisions\/7786"}],"wp:attachment":[{"href":"https:\/\/www.amarencogroup.com\/fr\/wp-json\/wp\/v2\/media?parent=3"}],"curies":[{"name":"wp","href":"https:\/\/api.w.org\/{rel}","templated":true}]}}